{"id":12178,"date":"2025-08-13T22:32:57","date_gmt":"2025-08-13T22:32:57","guid":{"rendered":"https:\/\/latin-vet.com\/?post_type=product&#038;p=12178"},"modified":"2025-10-06T18:18:28","modified_gmt":"2025-10-06T18:18:28","slug":"metronidazol-500mg","status":"publish","type":"product","link":"https:\/\/latin-vet.com\/es\/product\/metronidazol-500mg\/","title":{"rendered":"Metronidazol 500mg. Soluci\u00f3n Est\u00e9ril Para Inyecci\u00f3n"},"content":{"rendered":"<p><strong>C\u00f3digo:\u00a0LHV005<\/strong><\/p>\n<p><em>\u20a15,750.00 IVI<\/em><\/p>\n","protected":false},"excerpt":{"rendered":"<p><strong>C\u00f3digo:\u00a0LHV005<\/strong><\/p>\n<p><em>\u20a15,750.00 IVI<\/em><\/p>\n","protected":false},"featured_media":12434,"template":"","meta":{"_acf_changed":false},"product_brand":[58],"product_cat":[54],"product_tag":[],"class_list":{"0":"post-12178","1":"product","2":"type-product","3":"status-publish","4":"has-post-thumbnail","6":"product_brand-farmacia-grupo-salud-latina","7":"product_cat-medicamentos","9":"first","10":"instock","11":"shipping-taxable","12":"product-type-simple"},"acf":[],"_links":{"self":[{"href":"https:\/\/latin-vet.com\/es\/wp-json\/wp\/v2\/product\/12178","targetHints":{"allow":["GET"]}}],"collection":[{"href":"https:\/\/latin-vet.com\/es\/wp-json\/wp\/v2\/product"}],"about":[{"href":"https:\/\/latin-vet.com\/es\/wp-json\/wp\/v2\/types\/product"}],"wp:featuredmedia":[{"embeddable":true,"href":"https:\/\/latin-vet.com\/es\/wp-json\/wp\/v2\/media\/12434"}],"wp:attachment":[{"href":"https:\/\/latin-vet.com\/es\/wp-json\/wp\/v2\/media?parent=12178"}],"wp:term":[{"taxonomy":"product_brand","embeddable":true,"href":"https:\/\/latin-vet.com\/es\/wp-json\/wp\/v2\/product_brand?post=12178"},{"taxonomy":"product_cat","embeddable":true,"href":"https:\/\/latin-vet.com\/es\/wp-json\/wp\/v2\/product_cat?post=12178"},{"taxonomy":"product_tag","embeddable":true,"href":"https:\/\/latin-vet.com\/es\/wp-json\/wp\/v2\/product_tag?post=12178"}],"curies":[{"name":"wp","href":"https:\/\/api.w.org\/{rel}","templated":true}]}}