{"id":12460,"date":"2025-09-24T04:36:32","date_gmt":"2025-09-24T04:36:32","guid":{"rendered":"https:\/\/latin-vet.com\/?post_type=product&#038;p=12460"},"modified":"2025-10-06T18:23:57","modified_gmt":"2025-10-06T18:23:57","slug":"cateter-foley-de-silicona-de-dos-vias-con-guia-de-acero-inoxidable","status":"publish","type":"product","link":"https:\/\/latin-vet.com\/es\/product\/cateter-foley-de-silicona-de-dos-vias-con-guia-de-acero-inoxidable\/","title":{"rendered":"Cat\u00e9ter Foley de Silicona de Dos V\u00edas (Con Gu\u00eda de Acero Inoxidable)"},"content":{"rendered":"<table border=\"1\" cellspacing=\"0\" cellpadding=\"6\">\n<thead>\n<tr>\n<th>C\u00d3DIGO<\/th>\n<th>TAMA\u00d1O<\/th>\n<\/tr>\n<\/thead>\n<tbody>\n<tr>\n<td>CS-CA001-3.5FR<\/td>\n<td>3.5 FR<\/td>\n<\/tr>\n<tr>\n<td>CS-CA002-4.5FR<\/td>\n<td>4.5 FR<\/td>\n<\/tr>\n<tr>\n<td>CS-CA003-5FR<\/td>\n<td>5 FR<\/td>\n<\/tr>\n<tr>\n<td>CS-CA004-6FR<\/td>\n<td>6 FR<\/td>\n<\/tr>\n<tr>\n<td>CS-CA003-5FR<\/td>\n<td>5 FR<\/td>\n<\/tr>\n<\/tbody>\n<\/table>\n<p><em>\u20a15,700.00 IVI<\/em><\/p>\n","protected":false},"excerpt":{"rendered":"<table border=\"1\" cellspacing=\"0\" cellpadding=\"6\">\n<thead>\n<tr>\n<th>C\u00d3DIGO<\/th>\n<th>TAMA\u00d1O<\/th>\n<\/tr>\n<\/thead>\n<tbody>\n<tr>\n<td>CS-CA001-3.5FR<\/td>\n<td>3.5 FR<\/td>\n<\/tr>\n<tr>\n<td>CS-CA002-4.5FR<\/td>\n<td>4.5 FR<\/td>\n<\/tr>\n<tr>\n<td>CS-CA003-5FR<\/td>\n<td>5 FR<\/td>\n<\/tr>\n<tr>\n<td>CS-CA004-6FR<\/td>\n<td>6 FR<\/td>\n<\/tr>\n<tr>\n<td>CS-CA003-5FR<\/td>\n<td>5 FR<\/td>\n<\/tr>\n<\/tbody>\n<\/table>\n<p><em>\u20a15,700.00 IVI<\/em><\/p>\n","protected":false},"featured_media":12461,"template":"","meta":{"_acf_changed":false},"product_brand":[58],"product_cat":[55],"product_tag":[],"class_list":{"0":"post-12460","1":"product","2":"type-product","3":"status-publish","4":"has-post-thumbnail","6":"product_brand-farmacia-grupo-salud-latina","7":"product_cat-biomedicos","9":"first","10":"instock","11":"shipping-taxable","12":"product-type-simple"},"acf":[],"_links":{"self":[{"href":"https:\/\/latin-vet.com\/es\/wp-json\/wp\/v2\/product\/12460","targetHints":{"allow":["GET"]}}],"collection":[{"href":"https:\/\/latin-vet.com\/es\/wp-json\/wp\/v2\/product"}],"about":[{"href":"https:\/\/latin-vet.com\/es\/wp-json\/wp\/v2\/types\/product"}],"wp:featuredmedia":[{"embeddable":true,"href":"https:\/\/latin-vet.com\/es\/wp-json\/wp\/v2\/media\/12461"}],"wp:attachment":[{"href":"https:\/\/latin-vet.com\/es\/wp-json\/wp\/v2\/media?parent=12460"}],"wp:term":[{"taxonomy":"product_brand","embeddable":true,"href":"https:\/\/latin-vet.com\/es\/wp-json\/wp\/v2\/product_brand?post=12460"},{"taxonomy":"product_cat","embeddable":true,"href":"https:\/\/latin-vet.com\/es\/wp-json\/wp\/v2\/product_cat?post=12460"},{"taxonomy":"product_tag","embeddable":true,"href":"https:\/\/latin-vet.com\/es\/wp-json\/wp\/v2\/product_tag?post=12460"}],"curies":[{"name":"wp","href":"https:\/\/api.w.org\/{rel}","templated":true}]}}