{"id":12491,"date":"2025-09-24T05:59:07","date_gmt":"2025-09-24T05:59:07","guid":{"rendered":"https:\/\/latin-vet.com\/?post_type=product&#038;p=12491"},"modified":"2025-09-26T06:48:10","modified_gmt":"2025-09-26T06:48:10","slug":"fast-balance-gi-pro","status":"publish","type":"product","link":"https:\/\/latin-vet.com\/es\/product\/fast-balance-gi-pro\/","title":{"rendered":"Fast Balance GI Pro"},"content":{"rendered":"<p>Recomendado para dar soporte al tracto gastrointestinal durante situaciones de estr\u00e9s y alteraciones agudas, asociadas a indiscreci\u00f3n alimentaria, alergias alimentarias, edad, viajes, estr\u00e9s. Formula canina y felina para todos los pesos.<\/p>\n<p><strong><em>C\u00f3digo:<\/em> FS-0900470.060<\/strong><\/p>\n<p><em>\u20a116,950.00 IVI<\/em><\/p>\n","protected":false},"excerpt":{"rendered":"<p>Recomendado para dar soporte al tracto gastrointestinal durante situaciones de estr\u00e9s y alteraciones agudas, asociadas a indiscreci\u00f3n alimentaria, alergias alimentarias, edad, viajes, estr\u00e9s. Formula canina y felina para todos los pesos.<\/p>\n<p><strong><em>C\u00f3digo:<\/em> FS-0900470.060<\/strong><\/p>\n<p><em>\u20a116,950.00 IVI<\/em><\/p>\n","protected":false},"featured_media":12492,"template":"","meta":{"_acf_changed":false},"product_brand":[60],"product_cat":[56,72],"product_tag":[],"class_list":{"0":"post-12491","1":"product","2":"type-product","3":"status-publish","4":"has-post-thumbnail","6":"product_brand-vetriscience","7":"product_cat-suplementos","8":"product_cat-vetriscience","10":"first","11":"instock","12":"shipping-taxable","13":"product-type-simple"},"acf":[],"_links":{"self":[{"href":"https:\/\/latin-vet.com\/es\/wp-json\/wp\/v2\/product\/12491","targetHints":{"allow":["GET"]}}],"collection":[{"href":"https:\/\/latin-vet.com\/es\/wp-json\/wp\/v2\/product"}],"about":[{"href":"https:\/\/latin-vet.com\/es\/wp-json\/wp\/v2\/types\/product"}],"wp:featuredmedia":[{"embeddable":true,"href":"https:\/\/latin-vet.com\/es\/wp-json\/wp\/v2\/media\/12492"}],"wp:attachment":[{"href":"https:\/\/latin-vet.com\/es\/wp-json\/wp\/v2\/media?parent=12491"}],"wp:term":[{"taxonomy":"product_brand","embeddable":true,"href":"https:\/\/latin-vet.com\/es\/wp-json\/wp\/v2\/product_brand?post=12491"},{"taxonomy":"product_cat","embeddable":true,"href":"https:\/\/latin-vet.com\/es\/wp-json\/wp\/v2\/product_cat?post=12491"},{"taxonomy":"product_tag","embeddable":true,"href":"https:\/\/latin-vet.com\/es\/wp-json\/wp\/v2\/product_tag?post=12491"}],"curies":[{"name":"wp","href":"https:\/\/api.w.org\/{rel}","templated":true}]}}