{"id":12531,"date":"2025-09-24T07:05:28","date_gmt":"2025-09-24T07:05:28","guid":{"rendered":"https:\/\/latin-vet.com\/?post_type=product&#038;p=12531"},"modified":"2025-09-26T06:46:18","modified_gmt":"2025-09-26T06:46:18","slug":"bener-prored-10-30-masticables-225gr","status":"publish","type":"product","link":"https:\/\/latin-vet.com\/es\/product\/bener-prored-10-30-masticables-225gr\/","title":{"rendered":"Bener Prored 10. 30 Masticables 225gr."},"content":{"rendered":"<p>Suplemento Vitam\u00ednico-mineral para el Manejo de D\u00e9ficits de Hierro, Inapetencia y Recuperaci\u00f3n. Para caninos y felinos.<\/p>\n<p><strong><em>C\u00f3digo: <\/em>VN-1001<\/strong><\/p>\n<p><em>\u20a114,700.00 IVI<\/em><\/p>\n","protected":false},"excerpt":{"rendered":"<p>Suplemento Vitam\u00ednico-mineral para el Manejo de D\u00e9ficits de Hierro, Inapetencia y Recuperaci\u00f3n. Para caninos y felinos.<\/p>\n<p><strong><em>C\u00f3digo: <\/em>VN-1001<\/strong><\/p>\n<p><em>\u20a114,700.00 IVI<\/em><\/p>\n","protected":false},"featured_media":12532,"template":"","meta":{"_acf_changed":false},"product_brand":[61],"product_cat":[56,71],"product_tag":[],"class_list":{"0":"post-12531","1":"product","2":"type-product","3":"status-publish","4":"has-post-thumbnail","6":"product_brand-vetnova","7":"product_cat-suplementos","8":"product_cat-vetnova","10":"first","11":"instock","12":"shipping-taxable","13":"product-type-simple"},"acf":[],"_links":{"self":[{"href":"https:\/\/latin-vet.com\/es\/wp-json\/wp\/v2\/product\/12531","targetHints":{"allow":["GET"]}}],"collection":[{"href":"https:\/\/latin-vet.com\/es\/wp-json\/wp\/v2\/product"}],"about":[{"href":"https:\/\/latin-vet.com\/es\/wp-json\/wp\/v2\/types\/product"}],"wp:featuredmedia":[{"embeddable":true,"href":"https:\/\/latin-vet.com\/es\/wp-json\/wp\/v2\/media\/12532"}],"wp:attachment":[{"href":"https:\/\/latin-vet.com\/es\/wp-json\/wp\/v2\/media?parent=12531"}],"wp:term":[{"taxonomy":"product_brand","embeddable":true,"href":"https:\/\/latin-vet.com\/es\/wp-json\/wp\/v2\/product_brand?post=12531"},{"taxonomy":"product_cat","embeddable":true,"href":"https:\/\/latin-vet.com\/es\/wp-json\/wp\/v2\/product_cat?post=12531"},{"taxonomy":"product_tag","embeddable":true,"href":"https:\/\/latin-vet.com\/es\/wp-json\/wp\/v2\/product_tag?post=12531"}],"curies":[{"name":"wp","href":"https:\/\/api.w.org\/{rel}","templated":true}]}}