{"id":12547,"date":"2025-09-24T17:58:55","date_gmt":"2025-09-24T17:58:55","guid":{"rendered":"https:\/\/latin-vet.com\/?post_type=product&#038;p=12547"},"modified":"2025-09-26T06:45:44","modified_gmt":"2025-09-26T06:45:44","slug":"dialix-bladder-control-plus-60-masticables","status":"publish","type":"product","link":"https:\/\/latin-vet.com\/es\/product\/dialix-bladder-control-plus-60-masticables\/","title":{"rendered":"Dialix Bladder Control Plus. 60 Masticables"},"content":{"rendered":"<p>Suplemento en tabletas masticables altamente palatable, rico en fitoestr\u00f3genos y reforzado con N-acetil-D-glucosamina y Vitaminas B para Apoyar la funci\u00f3n urinaria saludable, fortalecer el tono muscular y el esf\u00ednter de la vejiga. Para caninos. Libre de ingredientes de origen animal \u2013 Adecuado para perros sensibles a la prote\u00edna animal.<\/p>\n<p><strong><em>C\u00f3digo:<\/em> VN-1046<\/strong><\/p>\n<p><em>\u20a127,400.00 IVI<\/em><\/p>\n","protected":false},"excerpt":{"rendered":"<p>Suplemento en tabletas masticables altamente palatable, rico en fitoestr\u00f3genos y reforzado con N-acetil-D-glucosamina y Vitaminas B para Apoyar la funci\u00f3n urinaria saludable, fortalecer el tono muscular y el esf\u00ednter de la vejiga. Para caninos. Libre de ingredientes de origen animal \u2013 Adecuado para perros sensibles a la prote\u00edna animal.<\/p>\n<p><strong><em>C\u00f3digo:<\/em> VN-1046<\/strong><\/p>\n<p><em>\u20a127,400.00 IVI<\/em><\/p>\n<p>&nbsp;<\/p>\n","protected":false},"featured_media":12548,"template":"","meta":{"_acf_changed":false},"product_brand":[61],"product_cat":[56,71],"product_tag":[],"class_list":{"0":"post-12547","1":"product","2":"type-product","3":"status-publish","4":"has-post-thumbnail","6":"product_brand-vetnova","7":"product_cat-suplementos","8":"product_cat-vetnova","10":"first","11":"instock","12":"shipping-taxable","13":"product-type-simple"},"acf":[],"_links":{"self":[{"href":"https:\/\/latin-vet.com\/es\/wp-json\/wp\/v2\/product\/12547","targetHints":{"allow":["GET"]}}],"collection":[{"href":"https:\/\/latin-vet.com\/es\/wp-json\/wp\/v2\/product"}],"about":[{"href":"https:\/\/latin-vet.com\/es\/wp-json\/wp\/v2\/types\/product"}],"wp:featuredmedia":[{"embeddable":true,"href":"https:\/\/latin-vet.com\/es\/wp-json\/wp\/v2\/media\/12548"}],"wp:attachment":[{"href":"https:\/\/latin-vet.com\/es\/wp-json\/wp\/v2\/media?parent=12547"}],"wp:term":[{"taxonomy":"product_brand","embeddable":true,"href":"https:\/\/latin-vet.com\/es\/wp-json\/wp\/v2\/product_brand?post=12547"},{"taxonomy":"product_cat","embeddable":true,"href":"https:\/\/latin-vet.com\/es\/wp-json\/wp\/v2\/product_cat?post=12547"},{"taxonomy":"product_tag","embeddable":true,"href":"https:\/\/latin-vet.com\/es\/wp-json\/wp\/v2\/product_tag?post=12547"}],"curies":[{"name":"wp","href":"https:\/\/api.w.org\/{rel}","templated":true}]}}