{"id":12561,"date":"2025-09-24T18:28:51","date_gmt":"2025-09-24T18:28:51","guid":{"rendered":"https:\/\/latin-vet.com\/?post_type=product&#038;p=12561"},"modified":"2025-09-26T06:45:43","modified_gmt":"2025-09-26T06:45:43","slug":"adiva-gastric-chews-ml","status":"publish","type":"product","link":"https:\/\/latin-vet.com\/es\/product\/adiva-gastric-chews-ml\/","title":{"rendered":"ADIVA\u00ae Gastric Chews M&#038;L"},"content":{"rendered":"<p>Suplemento Formulado en tabletas masticables de alta palatabilidad que proporciona una protecci\u00f3n g\u00e1strica completa y ayuda en el manejo de la acidez, indigesti\u00f3n y malestar g\u00e1strico. Para perros y gatos.<\/p>\n<p><strong><em>C\u00f3digo:<\/em> VN-1130<\/strong><\/p>\n<p><em>\u20a122,600.00 IVI<\/em><\/p>\n","protected":false},"excerpt":{"rendered":"<p>Suplemento Formulado en tabletas masticables de alta palatabilidad que proporciona una protecci\u00f3n g\u00e1strica completa y ayuda en el manejo de la acidez, indigesti\u00f3n y malestar g\u00e1strico. Para perros y gatos.<\/p>\n<p><strong><em>C\u00f3digo:<\/em> VN-1130<\/strong><\/p>\n<p><em>\u20a122,600.00 IVI<\/em><\/p>\n","protected":false},"featured_media":12562,"template":"","meta":{"_acf_changed":false},"product_brand":[61],"product_cat":[56,71],"product_tag":[],"class_list":{"0":"post-12561","1":"product","2":"type-product","3":"status-publish","4":"has-post-thumbnail","6":"product_brand-vetnova","7":"product_cat-suplementos","8":"product_cat-vetnova","10":"first","11":"instock","12":"shipping-taxable","13":"product-type-simple"},"acf":[],"_links":{"self":[{"href":"https:\/\/latin-vet.com\/es\/wp-json\/wp\/v2\/product\/12561","targetHints":{"allow":["GET"]}}],"collection":[{"href":"https:\/\/latin-vet.com\/es\/wp-json\/wp\/v2\/product"}],"about":[{"href":"https:\/\/latin-vet.com\/es\/wp-json\/wp\/v2\/types\/product"}],"wp:featuredmedia":[{"embeddable":true,"href":"https:\/\/latin-vet.com\/es\/wp-json\/wp\/v2\/media\/12562"}],"wp:attachment":[{"href":"https:\/\/latin-vet.com\/es\/wp-json\/wp\/v2\/media?parent=12561"}],"wp:term":[{"taxonomy":"product_brand","embeddable":true,"href":"https:\/\/latin-vet.com\/es\/wp-json\/wp\/v2\/product_brand?post=12561"},{"taxonomy":"product_cat","embeddable":true,"href":"https:\/\/latin-vet.com\/es\/wp-json\/wp\/v2\/product_cat?post=12561"},{"taxonomy":"product_tag","embeddable":true,"href":"https:\/\/latin-vet.com\/es\/wp-json\/wp\/v2\/product_tag?post=12561"}],"curies":[{"name":"wp","href":"https:\/\/api.w.org\/{rel}","templated":true}]}}