{"id":12580,"date":"2025-09-24T18:50:05","date_gmt":"2025-09-24T18:50:05","guid":{"rendered":"https:\/\/latin-vet.com\/?post_type=product&#038;p=12580"},"modified":"2025-09-30T02:12:53","modified_gmt":"2025-09-30T02:12:53","slug":"aptima-calming-720gr-powder","status":"publish","type":"product","link":"https:\/\/latin-vet.com\/es\/product\/aptima-calming-720gr-powder\/","title":{"rendered":"Whoops"},"content":{"rendered":"<p>Whoops es la soluci\u00f3n para limpiar la orina de tu perro, v\u00f3mito, diarrea, etc., de una manera f\u00e1cil y r\u00e1pida. Puede absorber grandes cantidades de l\u00edquidos, te sorprender\u00e1s de c\u00f3mo act\u00faa nuestro producto. Un gramo de nuestro producto puede absorber hasta 16 mililitros de l\u00edquido.<\/p>\n<table border=\"1\" cellspacing=\"0\" cellpadding=\"6\">\n<thead>\n<tr>\n<th>WHOOPS DE 250GR<\/th>\n<th>WHOOPS DE 850GR<\/th>\n<\/tr>\n<\/thead>\n<tbody>\n<tr>\n<td><em><strong>C\u00f3digo:<\/strong><\/em> WH-07503030155274<\/td>\n<td><em><strong>C\u00f3digo:<\/strong><\/em> WH-07503030155267<\/td>\n<\/tr>\n<tr>\n<td><em><strong>Precio:<\/strong><\/em> \u20a17,799.99 IVI<\/td>\n<td><em><strong>Precio:<\/strong><\/em> \u20a120,300.00 IVI<\/td>\n<\/tr>\n<\/tbody>\n<\/table>\n<p>&nbsp;<\/p>\n","protected":false},"excerpt":{"rendered":"<p>Whoops es la soluci\u00f3n para limpiar la orina de tu perro, v\u00f3mito, diarrea, etc., de una manera f\u00e1cil y r\u00e1pida. Puede absorber grandes cantidades de l\u00edquidos, te sorprender\u00e1s de c\u00f3mo act\u00faa nuestro producto. Un gramo de nuestro producto puede absorber hasta 16 mililitros de l\u00edquido.<\/p>\n<table border=\"1\" cellspacing=\"0\" cellpadding=\"6\">\n<thead>\n<tr>\n<th>WHOOPS DE 250GR<\/th>\n<th>WHOOPS DE 850GR<\/th>\n<\/tr>\n<\/thead>\n<tbody>\n<tr>\n<td><em><strong>C\u00f3digo:<\/strong><\/em> WH-07503030155274<\/td>\n<td><em><strong>C\u00f3digo:<\/strong><\/em> WH-07503030155267<\/td>\n<\/tr>\n<tr>\n<td><em><strong>Precio:<\/strong><\/em> \u20a17,799.99 IVI<\/td>\n<td><em><strong>Precio:<\/strong><\/em> \u20a120,300.00 IVI<\/td>\n<\/tr>\n<\/tbody>\n<\/table>\n<p>&nbsp;<\/p>\n","protected":false},"featured_media":12583,"template":"","meta":{"_acf_changed":false},"product_brand":[65],"product_cat":[77,74],"product_tag":[],"class_list":{"0":"post-12580","1":"product","2":"type-product","3":"status-publish","4":"has-post-thumbnail","6":"product_brand-whoops","7":"product_cat-otros","8":"product_cat-whoops","10":"first","11":"instock","12":"shipping-taxable","13":"product-type-simple"},"acf":[],"_links":{"self":[{"href":"https:\/\/latin-vet.com\/es\/wp-json\/wp\/v2\/product\/12580","targetHints":{"allow":["GET"]}}],"collection":[{"href":"https:\/\/latin-vet.com\/es\/wp-json\/wp\/v2\/product"}],"about":[{"href":"https:\/\/latin-vet.com\/es\/wp-json\/wp\/v2\/types\/product"}],"wp:featuredmedia":[{"embeddable":true,"href":"https:\/\/latin-vet.com\/es\/wp-json\/wp\/v2\/media\/12583"}],"wp:attachment":[{"href":"https:\/\/latin-vet.com\/es\/wp-json\/wp\/v2\/media?parent=12580"}],"wp:term":[{"taxonomy":"product_brand","embeddable":true,"href":"https:\/\/latin-vet.com\/es\/wp-json\/wp\/v2\/product_brand?post=12580"},{"taxonomy":"product_cat","embeddable":true,"href":"https:\/\/latin-vet.com\/es\/wp-json\/wp\/v2\/product_cat?post=12580"},{"taxonomy":"product_tag","embeddable":true,"href":"https:\/\/latin-vet.com\/es\/wp-json\/wp\/v2\/product_tag?post=12580"}],"curies":[{"name":"wp","href":"https:\/\/api.w.org\/{rel}","templated":true}]}}